{"id":46,"date":"2023-01-16T16:08:30","date_gmt":"2023-01-16T16:08:30","guid":{"rendered":"https:\/\/meinblick.art\/?page_id=46"},"modified":"2026-03-01T22:04:50","modified_gmt":"2026-03-01T22:04:50","slug":"ueber-mich","status":"publish","type":"page","link":"https:\/\/meinblick.art\/","title":{"rendered":"\u00dcber mich"},"content":{"rendered":"\n<div class=\"wp-block-group\"><div class=\"wp-block-group__inner-container is-layout-constrained wp-block-group-is-layout-constrained\"><div class=\"wp-block-image\">\n<figure class=\"alignright size-large is-resized\"><img loading=\"lazy\" decoding=\"async\" width=\"1024\" height=\"1024\" src=\"https:\/\/meinblick.art\/wp-content\/uploads\/2023\/01\/FB_IMG_1617631953846-1024x1024.jpg\" alt=\"\" class=\"wp-image-49\" style=\"width:375px;height:375px\" srcset=\"https:\/\/meinblick.art\/wp-content\/uploads\/2023\/01\/FB_IMG_1617631953846-1024x1024.jpg 1024w, https:\/\/meinblick.art\/wp-content\/uploads\/2023\/01\/FB_IMG_1617631953846-300x300.jpg 300w, https:\/\/meinblick.art\/wp-content\/uploads\/2023\/01\/FB_IMG_1617631953846-150x150.jpg 150w, https:\/\/meinblick.art\/wp-content\/uploads\/2023\/01\/FB_IMG_1617631953846-768x768.jpg 768w, https:\/\/meinblick.art\/wp-content\/uploads\/2023\/01\/FB_IMG_1617631953846-640x640.jpg 640w, https:\/\/meinblick.art\/wp-content\/uploads\/2023\/01\/FB_IMG_1617631953846-600x600.jpg 600w, https:\/\/meinblick.art\/wp-content\/uploads\/2023\/01\/FB_IMG_1617631953846-100x100.jpg 100w, https:\/\/meinblick.art\/wp-content\/uploads\/2023\/01\/FB_IMG_1617631953846.jpg 1080w\" sizes=\"auto, (max-width: 1024px) 100vw, 1024px\" \/><\/figure>\n<\/div><\/div><\/div>\n\n\n\n<p class=\"has-large-font-size\"><strong>Hallo und sch\u00f6n, dass du hier bist!<\/strong><\/p>\n\n\n\n<p class=\"has-medium-font-size\">Schon als Jugendliche war ich von der Magie des Augenblicks fasziniert. Ich fotografierte alles, was mich ber\u00fchrte, besonders auf Reisen und im Urlaub. \u00dcber die Jahre habe ich mich in vielen fotografischen Genres ausprobiert, von Reisefotografie \u00fcber Lost Places bis zur Stra\u00dfenfotografie. Doch meine wahre Erf\u00fcllung finde ich in der Naturfotografie.<\/p>\n\n\n\n<p class=\"has-medium-font-size\">In der Natur geht es f\u00fcr mich nicht einfach um das Bild, sondern ums Sehen, Erleben und Sp\u00fcren. Das Spiel von Licht und Schatten, das Rascheln der Bl\u00e4tter, die Bewegungen von Tieren, all das macht die Welt f\u00fcr mich lebendig und zeigt mir immer wieder neue Wunder. Wie&nbsp;<strong>Vincent Munier<\/strong>&nbsp;sagt,&nbsp;<em>\u201cDie Welt wird nicht an einem Mangel an Wundern sterben, sondern an einem Mangel an Staunen.\u201d<\/em>&nbsp;Durch die Natur habe ich unz\u00e4hlige Details und Geheimnisse lieben gelernt und den Wunsch entwickelt, genau das zu sch\u00fctzen, was mir so sehr am Herzen liegt.<\/p>\n\n\n\n<p class=\"has-medium-font-size\">Beim Fotografieren kann ich loslassen, experimentieren und meine Gef\u00fchle ausdr\u00fccken. Meine Fuji XT5 nutze ich oft mit manuellen M42-Vintage-Objektiven oder besonderen experimentellen Linsen, um mit Perspektiven und Licht zu spielen. So entstehen Bilder, die zeigen, was ich sehe, aber auch, was ich f\u00fchle. Dabei versuche ich immer,&nbsp;<em>\u201cdie Membran zu durchbrechen, die wir zwischen uns und die Natur gelegt haben\u201d<\/em>, um Momente wirklich zu erleben und sp\u00fcrbar zu machen.<\/p>\n\n\n\n<p class=\"has-medium-font-size\">Ich w\u00fcnsche dir viel Freude beim Entdecken meiner Bilder. \u00dcber Kommentare freue ich mich sehr, sei es Feedback, Tipps oder einfach ein paar nette Worte. Wenn du immer auf dem Laufenden bleiben m\u00f6chtest, folge mir gerne auf Instagram.<\/p>\n\n\n\n<ul class=\"wp-block-social-links is-style-pill-shape is-layout-flex wp-block-social-links-is-layout-flex\"><li class=\"wp-social-link wp-social-link-instagram  wp-block-social-link\"><a href=\"https:\/\/instagram.com\/anja_mickel?igshid=ZDdkNTZiNTM\" class=\"wp-block-social-link-anchor\"><svg width=\"24\" height=\"24\" viewBox=\"0 0 24 24\" version=\"1.1\" xmlns=\"http:\/\/www.w3.org\/2000\/svg\" aria-hidden=\"true\" focusable=\"false\"><path d=\"M12,4.622c2.403,0,2.688,0.009,3.637,0.052c0.877,0.04,1.354,0.187,1.671,0.31c0.42,0.163,0.72,0.358,1.035,0.673 c0.315,0.315,0.51,0.615,0.673,1.035c0.123,0.317,0.27,0.794,0.31,1.671c0.043,0.949,0.052,1.234,0.052,3.637 s-0.009,2.688-0.052,3.637c-0.04,0.877-0.187,1.354-0.31,1.671c-0.163,0.42-0.358,0.72-0.673,1.035 c-0.315,0.315-0.615,0.51-1.035,0.673c-0.317,0.123-0.794,0.27-1.671,0.31c-0.949,0.043-1.233,0.052-3.637,0.052 s-2.688-0.009-3.637-0.052c-0.877-0.04-1.354-0.187-1.671-0.31c-0.42-0.163-0.72-0.358-1.035-0.673 c-0.315-0.315-0.51-0.615-0.673-1.035c-0.123-0.317-0.27-0.794-0.31-1.671C4.631,14.688,4.622,14.403,4.622,12 s0.009-2.688,0.052-3.637c0.04-0.877,0.187-1.354,0.31-1.671c0.163-0.42,0.358-0.72,0.673-1.035 c0.315-0.315,0.615-0.51,1.035-0.673c0.317-0.123,0.794-0.27,1.671-0.31C9.312,4.631,9.597,4.622,12,4.622 M12,3 C9.556,3,9.249,3.01,8.289,3.054C7.331,3.098,6.677,3.25,6.105,3.472C5.513,3.702,5.011,4.01,4.511,4.511 c-0.5,0.5-0.808,1.002-1.038,1.594C3.25,6.677,3.098,7.331,3.054,8.289C3.01,9.249,3,9.556,3,12c0,2.444,0.01,2.751,0.054,3.711 c0.044,0.958,0.196,1.612,0.418,2.185c0.23,0.592,0.538,1.094,1.038,1.594c0.5,0.5,1.002,0.808,1.594,1.038 c0.572,0.222,1.227,0.375,2.185,0.418C9.249,20.99,9.556,21,12,21s2.751-0.01,3.711-0.054c0.958-0.044,1.612-0.196,2.185-0.418 c0.592-0.23,1.094-0.538,1.594-1.038c0.5-0.5,0.808-1.002,1.038-1.594c0.222-0.572,0.375-1.227,0.418-2.185 C20.99,14.751,21,14.444,21,12s-0.01-2.751-0.054-3.711c-0.044-0.958-0.196-1.612-0.418-2.185c-0.23-0.592-0.538-1.094-1.038-1.594 c-0.5-0.5-1.002-0.808-1.594-1.038c-0.572-0.222-1.227-0.375-2.185-0.418C14.751,3.01,14.444,3,12,3L12,3z M12,7.378 c-2.552,0-4.622,2.069-4.622,4.622S9.448,16.622,12,16.622s4.622-2.069,4.622-4.622S14.552,7.378,12,7.378z M12,15 c-1.657,0-3-1.343-3-3s1.343-3,3-3s3,1.343,3,3S13.657,15,12,15z M16.804,6.116c-0.596,0-1.08,0.484-1.08,1.08 s0.484,1.08,1.08,1.08c0.596,0,1.08-0.484,1.08-1.08S17.401,6.116,16.804,6.116z\"><\/path><\/svg><span class=\"wp-block-social-link-label screen-reader-text\">Instagram<\/span><\/a><\/li><\/ul>\n\n\n\n<p class=\"has-medium-font-size\">Willst du noch etwas \u00fcber mich oder meine Bilder wissen, dann frag mich.<\/p>\n\n\n\n<div class=\"wp-block-comments\"><h2 id=\"comments\" class=\"wp-block-comments-title\">2 Antworten zu &#8222;\u00dcber mich&#8220;<\/h2>\n\n<ol class=\"wp-block-comment-template\"><li id=\"comment-5\" class=\"comment even thread-even depth-1\">\n\n<div class=\"wp-block-columns is-layout-flex wp-container-core-columns-is-layout-9d6595d7 wp-block-columns-is-layout-flex\">\n<div class=\"wp-block-column is-layout-flow wp-block-column-is-layout-flow\" style=\"flex-basis:40px\"><div class=\"wp-block-avatar\"><img alt='Avatar von Marianne' src='https:\/\/secure.gravatar.com\/avatar\/03330b214028d87dbbaa8fd524e86f507e0af3b4f1c83fd492d943248acc92de?s=40&#038;d=mm&#038;r=g' srcset='https:\/\/secure.gravatar.com\/avatar\/03330b214028d87dbbaa8fd524e86f507e0af3b4f1c83fd492d943248acc92de?s=80&#038;d=mm&#038;r=g 2x' class='avatar avatar-40 photo wp-block-avatar__image' height='40' width='40'  style=\"border-radius:20px;\"\/><\/div><\/div>\n\n\n\n<div class=\"wp-block-column is-layout-flow wp-block-column-is-layout-flow\"><div class=\"wp-block-comment-author-name has-small-font-size\">Marianne<\/div>\n\n\n<div class=\"wp-block-group is-layout-flex wp-block-group-is-layout-flex\" style=\"margin-top:0px;margin-bottom:0px\"><div class=\"wp-block-comment-date has-small-font-size\"><time datetime=\"2023-02-06T19:27:55+00:00\"><a href=\"https:\/\/meinblick.art\/#comment-5\">Februar 6, 2023<\/a><\/time><\/div>\n\n<\/div>\n\n\n<div class=\"wp-block-comment-content\"><p>Ich kenne dich..Du bist klasse..<\/p>\n<\/div>\n\n<\/div>\n<\/div>\n\n<ol><li id=\"comment-6\" class=\"comment byuser comment-author-admin bypostauthor odd alt depth-2\">\n\n<div class=\"wp-block-columns is-layout-flex wp-container-core-columns-is-layout-9d6595d7 wp-block-columns-is-layout-flex\">\n<div class=\"wp-block-column is-layout-flow wp-block-column-is-layout-flow\" style=\"flex-basis:40px\"><div class=\"wp-block-avatar\"><img alt='Avatar von admin' src='https:\/\/secure.gravatar.com\/avatar\/0bbb5765594baaa323b58b57926b3d7976708f18854390fef40c88a59647f3b8?s=40&#038;d=mm&#038;r=g' srcset='https:\/\/secure.gravatar.com\/avatar\/0bbb5765594baaa323b58b57926b3d7976708f18854390fef40c88a59647f3b8?s=80&#038;d=mm&#038;r=g 2x' class='avatar avatar-40 photo wp-block-avatar__image' height='40' width='40'  style=\"border-radius:20px;\"\/><\/div><\/div>\n\n\n\n<div class=\"wp-block-column is-layout-flow wp-block-column-is-layout-flow\"><div class=\"wp-block-comment-author-name has-small-font-size\"><a rel=\"external nofollow ugc\" href=\"https:\/\/meinblick.art\" target=\"_self\" >admin<\/a><\/div>\n\n\n<div class=\"wp-block-group is-layout-flex wp-block-group-is-layout-flex\" style=\"margin-top:0px;margin-bottom:0px\"><div class=\"wp-block-comment-date has-small-font-size\"><time datetime=\"2023-02-08T18:46:52+00:00\"><a href=\"https:\/\/meinblick.art\/#comment-6\">Februar 8, 2023<\/a><\/time><\/div>\n\n<\/div>\n\n\n<div class=\"wp-block-comment-content\"><p>Ganz lieben Dank<\/p>\n<\/div>\n\n<\/div>\n<\/div>\n\n<\/li><\/ol><\/li><\/ol>\n\n\n\n<\/div>\n\n\n","protected":false},"excerpt":{"rendered":"<p>Hallo und sch\u00f6n, dass du hier bist! Schon als Jugendliche war ich von der Magie des Augenblicks fasziniert. Ich fotografierte alles, was mich ber\u00fchrte, besonders auf Reisen und im Urlaub. \u00dcber die Jahre habe ich mich in vielen fotografischen Genres ausprobiert, von Reisefotografie \u00fcber Lost Places bis zur Stra\u00dfenfotografie. Doch meine wahre Erf\u00fcllung finde ich in der Naturfotografie. In der Natur geht es f\u00fcr mich nicht einfach um das Bild, sondern ums Sehen, Erleben und Sp\u00fcren. Das Spiel von Licht und Schatten, das Rascheln der Bl\u00e4tter, die Bewegungen von Tieren, all das macht die Welt f\u00fcr mich lebendig und zeigt mir immer wieder neue Wunder. Wie&nbsp;Vincent Munier&nbsp;sagt,&nbsp;\u201cDie Welt wird nicht an einem Mangel an Wundern sterben, sondern an einem Mangel an Staunen.\u201d&nbsp;Durch die Natur habe ich unz\u00e4hlige Details und Geheimnisse lieben gelernt und den Wunsch entwickelt, genau das zu sch\u00fctzen, was mir so sehr am Herzen liegt. Beim Fotografieren kann ich loslassen, experimentieren und meine Gef\u00fchle ausdr\u00fccken. Meine Fuji XT5 nutze ich oft mit manuellen M42-Vintage-Objektiven oder besonderen experimentellen Linsen, um mit Perspektiven und Licht zu spielen. So entstehen Bilder, die zeigen, was ich sehe, aber auch, was ich f\u00fchle. Dabei versuche ich immer,&nbsp;\u201cdie Membran zu durchbrechen, die wir zwischen uns und die Natur gelegt haben\u201d, um Momente wirklich zu erleben und sp\u00fcrbar zu machen. Ich w\u00fcnsche dir viel Freude beim Entdecken meiner Bilder. \u00dcber Kommentare freue ich mich sehr, sei es Feedback, Tipps oder einfach ein paar nette Worte. Wenn du immer auf dem Laufenden bleiben m\u00f6chtest, folge mir gerne auf Instagram. Willst du noch etwas \u00fcber mich oder meine Bilder wissen, dann frag mich.<\/p>\n","protected":false},"author":1,"featured_media":0,"parent":0,"menu_order":0,"comment_status":"closed","ping_status":"closed","template":"","meta":{"footnotes":""},"class_list":["post-46","page","type-page","status-publish","hentry"],"acf":[],"jetpack_sharing_enabled":true,"_links":{"self":[{"href":"https:\/\/meinblick.art\/index.php?rest_route=\/wp\/v2\/pages\/46","targetHints":{"allow":["GET"]}}],"collection":[{"href":"https:\/\/meinblick.art\/index.php?rest_route=\/wp\/v2\/pages"}],"about":[{"href":"https:\/\/meinblick.art\/index.php?rest_route=\/wp\/v2\/types\/page"}],"author":[{"embeddable":true,"href":"https:\/\/meinblick.art\/index.php?rest_route=\/wp\/v2\/users\/1"}],"replies":[{"embeddable":true,"href":"https:\/\/meinblick.art\/index.php?rest_route=%2Fwp%2Fv2%2Fcomments&post=46"}],"version-history":[{"count":17,"href":"https:\/\/meinblick.art\/index.php?rest_route=\/wp\/v2\/pages\/46\/revisions"}],"predecessor-version":[{"id":2015,"href":"https:\/\/meinblick.art\/index.php?rest_route=\/wp\/v2\/pages\/46\/revisions\/2015"}],"wp:attachment":[{"href":"https:\/\/meinblick.art\/index.php?rest_route=%2Fwp%2Fv2%2Fmedia&parent=46"}],"curies":[{"name":"wp","href":"https:\/\/api.w.org\/{rel}","templated":true}]}}